{"id":1014,"date":"2022-10-01T16:56:06","date_gmt":"2022-10-01T15:56:06","guid":{"rendered":"https:\/\/freeact.eu\/?page_id=1014"},"modified":"2022-10-01T17:33:30","modified_gmt":"2022-10-01T16:33:30","slug":"med-husbilen-2022","status":"publish","type":"page","link":"https:\/\/freeact.eu\/?page_id=1014","title":{"rendered":"Med Husbilen 2022"},"content":{"rendered":"<p>2022 \u00e4ven detta \u00e5r startade med 4 veckor p\u00e5 Kanarie\u00f6arna.<br \/>\nPandemin var inte \u00f6ver men den verkade inte vara lika livshotande, i alla fall inte om man var v\u00e4lvaccinerad.<\/p>\n<p><strong>Nu blev det i alla fall en tidig kulturvecka med husbilen i Dalarna.<\/strong><\/p>\n<p>Del 1: Sala Silvergruva<\/p>\n<p><iframe loading=\"lazy\" width=\"560\" height=\"315\" src=\"https:\/\/www.youtube.com\/embed\/Qp_WPWht3EE\" title=\"YouTube video player\" frameborder=\"0\" allow=\"accelerometer; autoplay; clipboard-write; encrypted-media; gyroscope; picture-in-picture\" allowfullscreen><\/iframe><\/p>\n<p>Del 2: Carl Larssons Sundborn och Zorng\u00e5rden<\/p>\n<p><iframe loading=\"lazy\" width=\"560\" height=\"315\" src=\"https:\/\/www.youtube.com\/embed\/TRjZKIssOSY\" title=\"YouTube video player\" frameborder=\"0\" allow=\"accelerometer; autoplay; clipboard-write; encrypted-media; gyroscope; picture-in-picture\" allowfullscreen><\/iframe><\/p>\n<p>Del 3: Leksands strandcamping, golfklubb och br\u00f6d. Nattplats vid Romme alpin.<\/p>\n<p><iframe loading=\"lazy\" width=\"560\" height=\"315\" src=\"https:\/\/www.youtube.com\/embed\/tt5U6X0N_hg\" title=\"YouTube video player\" frameborder=\"0\" allow=\"accelerometer; autoplay; clipboard-write; encrypted-media; gyroscope; picture-in-picture\" allowfullscreen><\/iframe><\/p>\n<p>Del 4: Cassel koncerthus i Gr\u00e4ngesberg. Melodikryss nr10 2022 i disponentvillan<\/p>\n<p><iframe loading=\"lazy\" width=\"560\" height=\"315\" src=\"https:\/\/www.youtube.com\/embed\/a3jtZTKdiAg\" title=\"YouTube video player\" frameborder=\"0\" allow=\"accelerometer; autoplay; clipboard-write; encrypted-media; gyroscope; picture-in-picture\" allowfullscreen><\/iframe><\/p>\n","protected":false},"excerpt":{"rendered":"<p>2022 \u00e4ven detta \u00e5r startade med 4 veckor p\u00e5 Kanarie\u00f6arna. Pandemin var inte \u00f6ver men den verkade inte vara lika livshotande, i alla fall inte om man var v\u00e4lvaccinerad. Nu blev det i alla fall en tidig kulturvecka med husbilen i Dalarna. Del 1: Sala Silvergruva Del 2: Carl Larssons Sundborn och Zorng\u00e5rden Del 3: &hellip; <a href=\"https:\/\/freeact.eu\/?page_id=1014\" class=\"more-link\">Forts\u00e4tt l\u00e4sa <span class=\"screen-reader-text\">Med Husbilen 2022<\/span> <span class=\"meta-nav\">&rarr;<\/span><\/a><\/p>\n","protected":false},"author":1,"featured_media":0,"parent":0,"menu_order":0,"comment_status":"closed","ping_status":"closed","template":"","meta":[],"_links":{"self":[{"href":"https:\/\/freeact.eu\/index.php?rest_route=\/wp\/v2\/pages\/1014"}],"collection":[{"href":"https:\/\/freeact.eu\/index.php?rest_route=\/wp\/v2\/pages"}],"about":[{"href":"https:\/\/freeact.eu\/index.php?rest_route=\/wp\/v2\/types\/page"}],"author":[{"embeddable":true,"href":"https:\/\/freeact.eu\/index.php?rest_route=\/wp\/v2\/users\/1"}],"replies":[{"embeddable":true,"href":"https:\/\/freeact.eu\/index.php?rest_route=%2Fwp%2Fv2%2Fcomments&post=1014"}],"version-history":[{"count":3,"href":"https:\/\/freeact.eu\/index.php?rest_route=\/wp\/v2\/pages\/1014\/revisions"}],"predecessor-version":[{"id":1018,"href":"https:\/\/freeact.eu\/index.php?rest_route=\/wp\/v2\/pages\/1014\/revisions\/1018"}],"wp:attachment":[{"href":"https:\/\/freeact.eu\/index.php?rest_route=%2Fwp%2Fv2%2Fmedia&parent=1014"}],"curies":[{"name":"wp","href":"https:\/\/api.w.org\/{rel}","templated":true}]}}