{"id":724,"date":"2014-11-21T17:17:17","date_gmt":"2014-11-21T16:17:17","guid":{"rendered":"http:\/\/freeact.eu\/?page_id=724"},"modified":"2018-02-19T16:17:06","modified_gmt":"2018-02-19T15:17:06","slug":"fotsteg-omnistep-v10","status":"publish","type":"page","link":"https:\/\/freeact.eu\/?page_id=724","title":{"rendered":"Fotsteg Omnistep V10"},"content":{"rendered":"<p>Under sommaren b\u00f6rjade det att kn\u00e4ppa orov\u00e4ckande n\u00e4r man k\u00f6rde ut eller in fotsteget. Efter att tag \u00f6vergick det i ett tydligt hackande om man inte var snabb och sl\u00e4ppte knappen. Efter sommaren \u00e5kte fotsteget av, motor demonterades och \u00f6ppnades.<\/p>\n<p><a href=\"http:\/\/media.freeact.eu\/2014\/11\/20140802_120716.jpg\"><img loading=\"lazy\" class=\"alignleft size-thumbnail wp-image-726\" src=\"http:\/\/media.freeact.eu\/2014\/11\/20140802_120716-150x150.jpg\" alt=\"Omnistep V10\" width=\"150\" height=\"150\" \/><\/a> D\u00e4r, bland kugghjul i plast, l\u00e5g sm\u00e5 bitar som ganska tydligt inte skulle ligga l\u00f6st. Det f\u00f6rklarar varf\u00f6r kuggarna kuggar \u00f6ver om man inte \u00e4r snabb. Skadan kan bara bli v\u00e4rre tills allt slutar fungera.<br \/>\nBara kontakta Kama och best\u00e4lla l\u00e4mpliga reservdelar. Jo det skulle finnas nya kugghjul. F\u00f6r s\u00e4kerhets skull uppgav vi hela fotstegets produktnummer men det skulle inte vara n\u00e5gra problem. Nu i november, 6 m\u00e5nader senare har vi fortfarande inga fungerande reservdelar till trappan. Inte heller n\u00e5got tydligt besked fr\u00e5n Kama om n\u00e5gon l\u00f6sning. Nu st\u00e5 bilen p\u00e5 vinterf\u00f6rvaring s\u00e5 \u00e4n \u00e4r det tid. Vet att Kama har en motor som ska passa f\u00f6r 1255:- Har nu funnit att denna motor \u00e4ven anv\u00e4nds som styrning av str\u00e5lkastare och d\u00e5 kostar den knappt h\u00e4lften med frakt.<br \/>\nSe filmen d\u00e4r Irene <a href=\"https:\/\/freeact.eu\/?page_id=815\" rel=\"noopener\" target=\"_blank\">byter<\/a> motorn.<\/p>\n","protected":false},"excerpt":{"rendered":"<p>Under sommaren b\u00f6rjade det att kn\u00e4ppa orov\u00e4ckande n\u00e4r man k\u00f6rde ut eller in fotsteget. Efter att tag \u00f6vergick det i ett tydligt hackande om man inte var snabb och sl\u00e4ppte knappen. Efter sommaren \u00e5kte fotsteget av, motor demonterades och \u00f6ppnades. D\u00e4r, bland kugghjul i plast, l\u00e5g sm\u00e5 bitar som ganska tydligt inte skulle ligga l\u00f6st. &hellip; <a href=\"https:\/\/freeact.eu\/?page_id=724\" class=\"more-link\">Forts\u00e4tt l\u00e4sa <span class=\"screen-reader-text\">Fotsteg Omnistep V10<\/span> <span class=\"meta-nav\">&rarr;<\/span><\/a><\/p>\n","protected":false},"author":1,"featured_media":0,"parent":82,"menu_order":0,"comment_status":"open","ping_status":"open","template":"","meta":[],"_links":{"self":[{"href":"https:\/\/freeact.eu\/index.php?rest_route=\/wp\/v2\/pages\/724"}],"collection":[{"href":"https:\/\/freeact.eu\/index.php?rest_route=\/wp\/v2\/pages"}],"about":[{"href":"https:\/\/freeact.eu\/index.php?rest_route=\/wp\/v2\/types\/page"}],"author":[{"embeddable":true,"href":"https:\/\/freeact.eu\/index.php?rest_route=\/wp\/v2\/users\/1"}],"replies":[{"embeddable":true,"href":"https:\/\/freeact.eu\/index.php?rest_route=%2Fwp%2Fv2%2Fcomments&post=724"}],"version-history":[{"count":4,"href":"https:\/\/freeact.eu\/index.php?rest_route=\/wp\/v2\/pages\/724\/revisions"}],"predecessor-version":[{"id":906,"href":"https:\/\/freeact.eu\/index.php?rest_route=\/wp\/v2\/pages\/724\/revisions\/906"}],"up":[{"embeddable":true,"href":"https:\/\/freeact.eu\/index.php?rest_route=\/wp\/v2\/pages\/82"}],"wp:attachment":[{"href":"https:\/\/freeact.eu\/index.php?rest_route=%2Fwp%2Fv2%2Fmedia&parent=724"}],"curies":[{"name":"wp","href":"https:\/\/api.w.org\/{rel}","templated":true}]}}