{"id":749,"date":"2015-02-04T17:01:20","date_gmt":"2015-02-04T16:01:20","guid":{"rendered":"http:\/\/freeact.eu\/?page_id=749"},"modified":"2015-10-29T11:31:52","modified_gmt":"2015-10-29T10:31:52","slug":"kontakt","status":"publish","type":"page","link":"https:\/\/freeact.eu\/?page_id=749","title":{"rendered":"Kontakt"},"content":{"rendered":"<p>Om du vill kontakta oss g\u00f6r du det l\u00e4ttast genom att anv\u00e4nda e-postl\u00e4nken nedan.<br \/>\nOm det \u00e4r br\u00e5ttom kan du ringa.<\/p>\n<p><a href=\"mailto:irenehogberg@gmail.com\">Irene<\/a> &#8211; Mobil:070-546 12 89<\/p>\n<p><a href=\"mailto:bo.ja.berglund@gmail.com\">Bosse<\/a> &#8211; Mobil:076-103 99 00<\/p>\n","protected":false},"excerpt":{"rendered":"<p>Om du vill kontakta oss g\u00f6r du det l\u00e4ttast genom att anv\u00e4nda e-postl\u00e4nken nedan. Om det \u00e4r br\u00e5ttom kan du ringa. Irene &#8211; Mobil:070-546 12 89 Bosse &#8211; Mobil:076-103 99 00<\/p>\n","protected":false},"author":1,"featured_media":0,"parent":0,"menu_order":0,"comment_status":"closed","ping_status":"closed","template":"","meta":[],"_links":{"self":[{"href":"https:\/\/freeact.eu\/index.php?rest_route=\/wp\/v2\/pages\/749"}],"collection":[{"href":"https:\/\/freeact.eu\/index.php?rest_route=\/wp\/v2\/pages"}],"about":[{"href":"https:\/\/freeact.eu\/index.php?rest_route=\/wp\/v2\/types\/page"}],"author":[{"embeddable":true,"href":"https:\/\/freeact.eu\/index.php?rest_route=\/wp\/v2\/users\/1"}],"replies":[{"embeddable":true,"href":"https:\/\/freeact.eu\/index.php?rest_route=%2Fwp%2Fv2%2Fcomments&post=749"}],"version-history":[{"count":12,"href":"https:\/\/freeact.eu\/index.php?rest_route=\/wp\/v2\/pages\/749\/revisions"}],"predecessor-version":[{"id":783,"href":"https:\/\/freeact.eu\/index.php?rest_route=\/wp\/v2\/pages\/749\/revisions\/783"}],"wp:attachment":[{"href":"https:\/\/freeact.eu\/index.php?rest_route=%2Fwp%2Fv2%2Fmedia&parent=749"}],"curies":[{"name":"wp","href":"https:\/\/api.w.org\/{rel}","templated":true}]}}