{"id":76,"date":"2011-10-27T14:13:15","date_gmt":"2011-10-27T13:13:15","guid":{"rendered":"http:\/\/freeact.eu\/?page_id=76"},"modified":"2019-03-03T14:59:30","modified_gmt":"2019-03-03T13:59:30","slug":"resor","status":"publish","type":"page","link":"https:\/\/freeact.eu\/?page_id=76","title":{"rendered":"Resor"},"content":{"rendered":"<p><strong>H\u00e4r l\u00e4gger vi upp information fr\u00e5n v\u00e5ra resor<\/strong><br \/><a href=\"https:\/\/freeact.eu\/?page_id=821\">Arctic Tour 2015<\/a> som gick upp l\u00e4ngs inlandsv\u00e4gen via Abisko, till Lofoten, Troms\u00f6 ner l\u00e4ngs Finsk-Svenska gr\u00e4nsen tillbaks s\u00f6derut.<br \/><a href=\"https:\/\/freeact.eu\/?page_id=823\">Tyskland 2015<\/a> som blev en rundresa ner genom centrala Tyskland med v\u00e4ndning i M\u00fcnchen och \u00f6lfestivalen och \u00e5terresa genom de \u00f6stra delarna.<br \/><a href=\"https:\/\/freeact.eu\/?page_id=855\">G\u00f6ta Kanal 2016<\/a> handlar om ett par dagar med cykling l\u00e4ngs kanalen<br \/><a href=\"https:\/\/freeact.eu\/?page_id=862\">4 huvudst\u00e4der 2017<\/a> varade i 7 veckor med bes\u00f6k i Berlin, Wien, Prag och Budapest med en avslutning i Pula, Kroatien. F\u00f6rst ut \u00e4r det film 1 av 5.<br \/><a href=\"https:\/\/freeact.eu\/?page_id=942\">Vildmarksv\u00e4gen<\/a> sommaren 2018 under den varmaste perioden p\u00e5 m\u00e5nga \u00e5r.\u00a0<\/p>\n<p>\u00a0<\/p>\n\n\n<p><\/p>\n","protected":false},"excerpt":{"rendered":"<p>H\u00e4r l\u00e4gger vi upp information fr\u00e5n v\u00e5ra resorArctic Tour 2015 som gick upp l\u00e4ngs inlandsv\u00e4gen via Abisko, till Lofoten, Troms\u00f6 ner l\u00e4ngs Finsk-Svenska gr\u00e4nsen tillbaks s\u00f6derut.Tyskland 2015 som blev en rundresa ner genom centrala Tyskland med v\u00e4ndning i M\u00fcnchen och \u00f6lfestivalen och \u00e5terresa genom de \u00f6stra delarna.G\u00f6ta Kanal 2016 handlar om ett par dagar med &hellip; <a href=\"https:\/\/freeact.eu\/?page_id=76\" class=\"more-link\">Forts\u00e4tt l\u00e4sa <span class=\"screen-reader-text\">Resor<\/span> <span class=\"meta-nav\">&rarr;<\/span><\/a><\/p>\n","protected":false},"author":1,"featured_media":0,"parent":0,"menu_order":0,"comment_status":"closed","ping_status":"closed","template":"","meta":[],"_links":{"self":[{"href":"https:\/\/freeact.eu\/index.php?rest_route=\/wp\/v2\/pages\/76"}],"collection":[{"href":"https:\/\/freeact.eu\/index.php?rest_route=\/wp\/v2\/pages"}],"about":[{"href":"https:\/\/freeact.eu\/index.php?rest_route=\/wp\/v2\/types\/page"}],"author":[{"embeddable":true,"href":"https:\/\/freeact.eu\/index.php?rest_route=\/wp\/v2\/users\/1"}],"replies":[{"embeddable":true,"href":"https:\/\/freeact.eu\/index.php?rest_route=%2Fwp%2Fv2%2Fcomments&post=76"}],"version-history":[{"count":9,"href":"https:\/\/freeact.eu\/index.php?rest_route=\/wp\/v2\/pages\/76\/revisions"}],"predecessor-version":[{"id":945,"href":"https:\/\/freeact.eu\/index.php?rest_route=\/wp\/v2\/pages\/76\/revisions\/945"}],"wp:attachment":[{"href":"https:\/\/freeact.eu\/index.php?rest_route=%2Fwp%2Fv2%2Fmedia&parent=76"}],"curies":[{"name":"wp","href":"https:\/\/api.w.org\/{rel}","templated":true}]}}