{"id":79,"date":"2011-10-27T14:15:05","date_gmt":"2011-10-27T13:15:05","guid":{"rendered":"http:\/\/freeact.eu\/?page_id=79"},"modified":"2020-12-27T12:22:46","modified_gmt":"2020-12-27T11:22:46","slug":"motion-sport","status":"publish","type":"page","link":"https:\/\/freeact.eu\/?page_id=79","title":{"rendered":"M\u00f6ten och m\u00e4nskligt"},"content":{"rendered":"<p>Kampen f\u00f6r j\u00e4mlikhet, tror inte det \ud83d\ude42<br \/>\n<iframe loading=\"lazy\" src=\"https:\/\/www.youtube.com\/embed\/BmNLHmGaxfA?rel=0&amp;showinfo=0\" width=\"560\" height=\"315\" frameborder=\"0\" allowfullscreen=\"allowfullscreen\"><\/iframe><\/p>\n","protected":false},"excerpt":{"rendered":"<p>Kampen f\u00f6r j\u00e4mlikhet, tror inte det \ud83d\ude42<\/p>\n","protected":false},"author":1,"featured_media":0,"parent":0,"menu_order":0,"comment_status":"closed","ping_status":"closed","template":"page-templates\/full-width.php","meta":[],"_links":{"self":[{"href":"https:\/\/freeact.eu\/index.php?rest_route=\/wp\/v2\/pages\/79"}],"collection":[{"href":"https:\/\/freeact.eu\/index.php?rest_route=\/wp\/v2\/pages"}],"about":[{"href":"https:\/\/freeact.eu\/index.php?rest_route=\/wp\/v2\/types\/page"}],"author":[{"embeddable":true,"href":"https:\/\/freeact.eu\/index.php?rest_route=\/wp\/v2\/users\/1"}],"replies":[{"embeddable":true,"href":"https:\/\/freeact.eu\/index.php?rest_route=%2Fwp%2Fv2%2Fcomments&post=79"}],"version-history":[{"count":8,"href":"https:\/\/freeact.eu\/index.php?rest_route=\/wp\/v2\/pages\/79\/revisions"}],"predecessor-version":[{"id":984,"href":"https:\/\/freeact.eu\/index.php?rest_route=\/wp\/v2\/pages\/79\/revisions\/984"}],"wp:attachment":[{"href":"https:\/\/freeact.eu\/index.php?rest_route=%2Fwp%2Fv2%2Fmedia&parent=79"}],"curies":[{"name":"wp","href":"https:\/\/api.w.org\/{rel}","templated":true}]}}