{"id":819,"date":"2018-01-10T14:11:55","date_gmt":"2018-01-10T13:11:55","guid":{"rendered":"http:\/\/freeact.eu\/?page_id=819"},"modified":"2018-02-19T15:08:13","modified_gmt":"2018-02-19T14:08:13","slug":"3-handelser","status":"publish","type":"page","link":"https:\/\/freeact.eu\/?page_id=819","title":{"rendered":"\u00d6nskem\u00e5l"},"content":{"rendered":"<p>F\u00f6r\u00e4ndringar\/f\u00f6rb\u00e4ttringar som kanske blir av<\/p>\n<ul>\n<li>Fj\u00e4rrman\u00f6vrerad &#8221;dumpningsventil&#8221; f\u00f6r f\u00e4rskvatten (om man snabbt beh\u00f6ver l\u00e4tta p\u00e5 vikten)<\/li>\n<li>Fast gasoltank monterad under bilen d\u00e5 kan gasolf\u00f6rr\u00e5det anv\u00e4ndas f\u00f6r grillen och en liten tub. Kanske elkabel och vattenslang ocks\u00e5.<\/li>\n<li>Backsensorer som komplement till backkameran<\/li>\n<li>Varningsljus\/ljud vid backning.<\/li>\n<li>Mobilt bredband och TVn anpassad f\u00f6r IPTV och n\u00e4tsurf.<\/li>\n<li>Bygga om dammsugaren till Li-Ion drift, s\u00e5 man slipper sladden.<\/li>\n<li>Fler USB uttag i bodelen.<\/li>\n<li>Ett fast uttag fr\u00e5n AC convertern (240V AC)<\/li>\n<\/ul>\n<p>N\u00e5gon som har en bra ide till l\u00f6sning?<\/p>\n","protected":false},"excerpt":{"rendered":"<p>F\u00f6r\u00e4ndringar\/f\u00f6rb\u00e4ttringar som kanske blir av Fj\u00e4rrman\u00f6vrerad &#8221;dumpningsventil&#8221; f\u00f6r f\u00e4rskvatten (om man snabbt beh\u00f6ver l\u00e4tta p\u00e5 vikten) Fast gasoltank monterad under bilen d\u00e5 kan gasolf\u00f6rr\u00e5det anv\u00e4ndas f\u00f6r grillen och en liten tub. Kanske elkabel och vattenslang ocks\u00e5. Backsensorer som komplement till backkameran Varningsljus\/ljud vid backning. Mobilt bredband och TVn anpassad f\u00f6r IPTV och n\u00e4tsurf. Bygga om &hellip; <a href=\"https:\/\/freeact.eu\/?page_id=819\" class=\"more-link\">Forts\u00e4tt l\u00e4sa <span class=\"screen-reader-text\">\u00d6nskem\u00e5l<\/span> <span class=\"meta-nav\">&rarr;<\/span><\/a><\/p>\n","protected":false},"author":1,"featured_media":0,"parent":82,"menu_order":0,"comment_status":"open","ping_status":"closed","template":"page-templates\/full-width.php","meta":[],"_links":{"self":[{"href":"https:\/\/freeact.eu\/index.php?rest_route=\/wp\/v2\/pages\/819"}],"collection":[{"href":"https:\/\/freeact.eu\/index.php?rest_route=\/wp\/v2\/pages"}],"about":[{"href":"https:\/\/freeact.eu\/index.php?rest_route=\/wp\/v2\/types\/page"}],"author":[{"embeddable":true,"href":"https:\/\/freeact.eu\/index.php?rest_route=\/wp\/v2\/users\/1"}],"replies":[{"embeddable":true,"href":"https:\/\/freeact.eu\/index.php?rest_route=%2Fwp%2Fv2%2Fcomments&post=819"}],"version-history":[{"count":4,"href":"https:\/\/freeact.eu\/index.php?rest_route=\/wp\/v2\/pages\/819\/revisions"}],"predecessor-version":[{"id":896,"href":"https:\/\/freeact.eu\/index.php?rest_route=\/wp\/v2\/pages\/819\/revisions\/896"}],"up":[{"embeddable":true,"href":"https:\/\/freeact.eu\/index.php?rest_route=\/wp\/v2\/pages\/82"}],"wp:attachment":[{"href":"https:\/\/freeact.eu\/index.php?rest_route=%2Fwp%2Fv2%2Fmedia&parent=819"}],"curies":[{"name":"wp","href":"https:\/\/api.w.org\/{rel}","templated":true}]}}