{"id":82,"date":"2011-10-27T14:16:03","date_gmt":"2011-10-27T13:16:03","guid":{"rendered":"http:\/\/freeact.eu\/?page_id=82"},"modified":"2022-10-01T14:04:04","modified_gmt":"2022-10-01T13:04:04","slug":"husbilstips","status":"publish","type":"page","link":"https:\/\/freeact.eu\/?page_id=82","title":{"rendered":"Husbil"},"content":{"rendered":"<p class=\"gmail_default\">Med v\u00e5ra filmer vill vi dela med oss information om platser vi bes\u00f6kt eller om n\u00e5got vi f\u00f6rb\u00e4ttrat i husbilen.<br \/>\nSom sj\u00e4lvf\u00f6rs\u00f6rjande p\u00e5 el f\u00f6redrar vi att fricampa eller st\u00e5 p\u00e5 st\u00e4llplats. N\u00e4r vi ser n\u00e5gon trevligt placerad camping, s\u00e5 kan det \u00e4nd\u00e5 bli ett bes\u00f6k.<\/p>\n<p class=\"gmail_default\">\nFilmer p\u00e5 lite olika teman:<\/p>\n<ul>\n<li><a href=\"https:\/\/freeact.eu\/?page_id=888\">Husbilsimport 2014<\/a><\/li>\n<li><a href=\"https:\/\/freeact.eu\/?page_id=815\">L\u00f6sningar<\/a><\/li>\n<li><a href=\"https:\/\/freeact.eu\/?page_id=817\">F\u00f6rb\u00e4ttringar<\/a><\/li>\n<\/ul>\n<p><a title=\"Lastvikter\" href=\"https:\/\/freeact.eu\/?page_id=701\" target=\"_blank\" rel=\"noopener noreferrer\">R\u00e4kna ut vad din husbil v\u00e4ger.<\/a><br \/>\n<a title=\"Fotsteg Omnistep V10\" href=\"https:\/\/freeact.eu\/?page_id=724\" target=\"_blank\" rel=\"noopener noreferrer\">Kr\u00e5ngel med Thule Omnistep V10<\/a>.<\/p>\n<p>&nbsp;<\/p>\n<p>&nbsp;<\/p>\n<p>&nbsp;<\/p>\n","protected":false},"excerpt":{"rendered":"<p>Med v\u00e5ra filmer vill vi dela med oss information om platser vi bes\u00f6kt eller om n\u00e5got vi f\u00f6rb\u00e4ttrat i husbilen. Som sj\u00e4lvf\u00f6rs\u00f6rjande p\u00e5 el f\u00f6redrar vi att fricampa eller st\u00e5 p\u00e5 st\u00e4llplats. N\u00e4r vi ser n\u00e5gon trevligt placerad camping, s\u00e5 kan det \u00e4nd\u00e5 bli ett bes\u00f6k. Filmer p\u00e5 lite olika teman: Husbilsimport 2014 L\u00f6sningar F\u00f6rb\u00e4ttringar &hellip; <a href=\"https:\/\/freeact.eu\/?page_id=82\" class=\"more-link\">Forts\u00e4tt l\u00e4sa <span class=\"screen-reader-text\">Husbil<\/span> <span class=\"meta-nav\">&rarr;<\/span><\/a><\/p>\n","protected":false},"author":1,"featured_media":0,"parent":0,"menu_order":0,"comment_status":"open","ping_status":"closed","template":"page-templates\/full-width.php","meta":[],"_links":{"self":[{"href":"https:\/\/freeact.eu\/index.php?rest_route=\/wp\/v2\/pages\/82"}],"collection":[{"href":"https:\/\/freeact.eu\/index.php?rest_route=\/wp\/v2\/pages"}],"about":[{"href":"https:\/\/freeact.eu\/index.php?rest_route=\/wp\/v2\/types\/page"}],"author":[{"embeddable":true,"href":"https:\/\/freeact.eu\/index.php?rest_route=\/wp\/v2\/users\/1"}],"replies":[{"embeddable":true,"href":"https:\/\/freeact.eu\/index.php?rest_route=%2Fwp%2Fv2%2Fcomments&post=82"}],"version-history":[{"count":39,"href":"https:\/\/freeact.eu\/index.php?rest_route=\/wp\/v2\/pages\/82\/revisions"}],"predecessor-version":[{"id":994,"href":"https:\/\/freeact.eu\/index.php?rest_route=\/wp\/v2\/pages\/82\/revisions\/994"}],"wp:attachment":[{"href":"https:\/\/freeact.eu\/index.php?rest_route=%2Fwp%2Fv2%2Fmedia&parent=82"}],"curies":[{"name":"wp","href":"https:\/\/api.w.org\/{rel}","templated":true}]}}