{"id":855,"date":"2018-02-18T19:25:03","date_gmt":"2018-02-18T18:25:03","guid":{"rendered":"http:\/\/freeact.eu\/?page_id=855"},"modified":"2018-02-19T15:17:14","modified_gmt":"2018-02-19T14:17:14","slug":"gota-kanal-cykling-2016","status":"publish","type":"page","link":"https:\/\/freeact.eu\/?page_id=855","title":{"rendered":"G\u00f6ta Kanal 2016"},"content":{"rendered":"<p>Husbil till T\u00f6reboda med ett par dagars cykling l\u00e4ngs kanalen.<br \/>\n<iframe loading=\"lazy\" width=\"560\" height=\"315\" src=\"https:\/\/www.youtube.com\/embed\/liufg1Bdf5M?rel=0\" frameborder=\"0\" allow=\"autoplay; encrypted-media\" allowfullscreen><\/iframe><\/p>\n","protected":false},"excerpt":{"rendered":"<p>Husbil till T\u00f6reboda med ett par dagars cykling l\u00e4ngs kanalen.<\/p>\n","protected":false},"author":1,"featured_media":0,"parent":76,"menu_order":0,"comment_status":"closed","ping_status":"closed","template":"page-templates\/full-width.php","meta":[],"_links":{"self":[{"href":"https:\/\/freeact.eu\/index.php?rest_route=\/wp\/v2\/pages\/855"}],"collection":[{"href":"https:\/\/freeact.eu\/index.php?rest_route=\/wp\/v2\/pages"}],"about":[{"href":"https:\/\/freeact.eu\/index.php?rest_route=\/wp\/v2\/types\/page"}],"author":[{"embeddable":true,"href":"https:\/\/freeact.eu\/index.php?rest_route=\/wp\/v2\/users\/1"}],"replies":[{"embeddable":true,"href":"https:\/\/freeact.eu\/index.php?rest_route=%2Fwp%2Fv2%2Fcomments&post=855"}],"version-history":[{"count":3,"href":"https:\/\/freeact.eu\/index.php?rest_route=\/wp\/v2\/pages\/855\/revisions"}],"predecessor-version":[{"id":861,"href":"https:\/\/freeact.eu\/index.php?rest_route=\/wp\/v2\/pages\/855\/revisions\/861"}],"up":[{"embeddable":true,"href":"https:\/\/freeact.eu\/index.php?rest_route=\/wp\/v2\/pages\/76"}],"wp:attachment":[{"href":"https:\/\/freeact.eu\/index.php?rest_route=%2Fwp%2Fv2%2Fmedia&parent=855"}],"curies":[{"name":"wp","href":"https:\/\/api.w.org\/{rel}","templated":true}]}}