{"id":888,"date":"2018-02-19T14:45:23","date_gmt":"2018-02-19T13:45:23","guid":{"rendered":"http:\/\/freeact.eu\/?page_id=888"},"modified":"2018-02-19T15:16:11","modified_gmt":"2018-02-19T14:16:11","slug":"husbilsimport","status":"publish","type":"page","link":"https:\/\/freeact.eu\/?page_id=888","title":{"rendered":"Husbilsimport"},"content":{"rendered":"<p>N\u00e4r vi skulle byta husbil fr\u00e5n trotj\u00e4naren fr\u00e5n 2001 med alkov s\u00e5 hittade vi ingen l\u00e4mplig i Sverige. D\u00e4remot fann vi en som motsvarade v\u00e5ra krav i Tyskland. Eftersom Irene beh\u00e4rskar tyska och den aktuella handlaren \u00e4r en av de st\u00f6rsta p\u00e5 Eura Mobil s\u00e5 k\u00e4nde vi att det inte var f\u00f6renat med n\u00e5gon st\u00f6rre risk.<br \/>\n<iframe loading=\"lazy\" src=\"https:\/\/www.youtube.com\/embed\/t5Fpadx_lMg?rel=0&amp;showinfo=0\" width=\"560\" height=\"315\" frameborder=\"0\" allowfullscreen=\"allowfullscreen\"><\/iframe><\/p>\n","protected":false},"excerpt":{"rendered":"<p>N\u00e4r vi skulle byta husbil fr\u00e5n trotj\u00e4naren fr\u00e5n 2001 med alkov s\u00e5 hittade vi ingen l\u00e4mplig i Sverige. D\u00e4remot fann vi en som motsvarade v\u00e5ra krav i Tyskland. Eftersom Irene beh\u00e4rskar tyska och den aktuella handlaren \u00e4r en av de st\u00f6rsta p\u00e5 Eura Mobil s\u00e5 k\u00e4nde vi att det inte var f\u00f6renat med n\u00e5gon st\u00f6rre &hellip; <a href=\"https:\/\/freeact.eu\/?page_id=888\" class=\"more-link\">Forts\u00e4tt l\u00e4sa <span class=\"screen-reader-text\">Husbilsimport<\/span> <span class=\"meta-nav\">&rarr;<\/span><\/a><\/p>\n","protected":false},"author":1,"featured_media":0,"parent":82,"menu_order":0,"comment_status":"closed","ping_status":"closed","template":"page-templates\/full-width.php","meta":[],"_links":{"self":[{"href":"https:\/\/freeact.eu\/index.php?rest_route=\/wp\/v2\/pages\/888"}],"collection":[{"href":"https:\/\/freeact.eu\/index.php?rest_route=\/wp\/v2\/pages"}],"about":[{"href":"https:\/\/freeact.eu\/index.php?rest_route=\/wp\/v2\/types\/page"}],"author":[{"embeddable":true,"href":"https:\/\/freeact.eu\/index.php?rest_route=\/wp\/v2\/users\/1"}],"replies":[{"embeddable":true,"href":"https:\/\/freeact.eu\/index.php?rest_route=%2Fwp%2Fv2%2Fcomments&post=888"}],"version-history":[{"count":1,"href":"https:\/\/freeact.eu\/index.php?rest_route=\/wp\/v2\/pages\/888\/revisions"}],"predecessor-version":[{"id":889,"href":"https:\/\/freeact.eu\/index.php?rest_route=\/wp\/v2\/pages\/888\/revisions\/889"}],"up":[{"embeddable":true,"href":"https:\/\/freeact.eu\/index.php?rest_route=\/wp\/v2\/pages\/82"}],"wp:attachment":[{"href":"https:\/\/freeact.eu\/index.php?rest_route=%2Fwp%2Fv2%2Fmedia&parent=888"}],"curies":[{"name":"wp","href":"https:\/\/api.w.org\/{rel}","templated":true}]}}