{"id":942,"date":"2019-03-03T14:54:35","date_gmt":"2019-03-03T13:54:35","guid":{"rendered":"http:\/\/freeact.eu\/?page_id=942"},"modified":"2019-03-03T14:55:16","modified_gmt":"2019-03-03T13:55:16","slug":"vildmarksvagen-2018","status":"publish","type":"page","link":"https:\/\/freeact.eu\/?page_id=942","title":{"rendered":"Vildmarksv\u00e4gen 2018"},"content":{"rendered":"\n<p> Vi startade v\u00e5r resa i Str\u00f6msund, \u00e5kte via Vilhelmina med nattstopp p\u00e5 parkeringen utanf\u00f6r  Folkets hus. Dag 2 gick mot Saxn\u00e4s och \u00f6vernattning p\u00e5 Marsfj\u00e4ll Mountain Lodge.  N\u00e4sta stopp blev uppe p\u00e5 Stekenjokk plat\u00e5n.  Vidare gick sen f\u00e4rden tillbaks till Str\u00f6msund med n\u00e5gra ytterligare stopp p\u00e5 v\u00e4gen<\/p>\n\n\n\n<figure class=\"wp-block-embed-youtube wp-block-embed is-type-video is-provider-youtube wp-embed-aspect-16-9 wp-has-aspect-ratio\"><div class=\"wp-block-embed__wrapper\">\n<iframe loading=\"lazy\" width=\"474\" height=\"267\" src=\"https:\/\/www.youtube.com\/embed\/ctcUUXPOL-w?feature=oembed\" frameborder=\"0\" allow=\"accelerometer; autoplay; encrypted-media; gyroscope; picture-in-picture\" allowfullscreen><\/iframe>\n<\/div><\/figure>\n\n\n\n<figure class=\"wp-block-embed-youtube wp-block-embed is-type-video is-provider-youtube wp-embed-aspect-16-9 wp-has-aspect-ratio\"><div class=\"wp-block-embed__wrapper\">\n<iframe loading=\"lazy\" width=\"474\" height=\"267\" src=\"https:\/\/www.youtube.com\/embed\/_tqO6cbQLuc?feature=oembed\" frameborder=\"0\" allow=\"accelerometer; autoplay; encrypted-media; gyroscope; picture-in-picture\" allowfullscreen><\/iframe>\n<\/div><\/figure>\n\n\n\n<p><\/p>\n","protected":false},"excerpt":{"rendered":"<p>Vi startade v\u00e5r resa i Str\u00f6msund, \u00e5kte via Vilhelmina med nattstopp p\u00e5 parkeringen utanf\u00f6r Folkets hus. Dag 2 gick mot Saxn\u00e4s och \u00f6vernattning p\u00e5 Marsfj\u00e4ll Mountain Lodge. N\u00e4sta stopp blev uppe p\u00e5 Stekenjokk plat\u00e5n. Vidare gick sen f\u00e4rden tillbaks till Str\u00f6msund med n\u00e5gra ytterligare stopp p\u00e5 v\u00e4gen<\/p>\n","protected":false},"author":19,"featured_media":0,"parent":0,"menu_order":0,"comment_status":"closed","ping_status":"closed","template":"page-templates\/full-width.php","meta":[],"_links":{"self":[{"href":"https:\/\/freeact.eu\/index.php?rest_route=\/wp\/v2\/pages\/942"}],"collection":[{"href":"https:\/\/freeact.eu\/index.php?rest_route=\/wp\/v2\/pages"}],"about":[{"href":"https:\/\/freeact.eu\/index.php?rest_route=\/wp\/v2\/types\/page"}],"author":[{"embeddable":true,"href":"https:\/\/freeact.eu\/index.php?rest_route=\/wp\/v2\/users\/19"}],"replies":[{"embeddable":true,"href":"https:\/\/freeact.eu\/index.php?rest_route=%2Fwp%2Fv2%2Fcomments&post=942"}],"version-history":[{"count":1,"href":"https:\/\/freeact.eu\/index.php?rest_route=\/wp\/v2\/pages\/942\/revisions"}],"predecessor-version":[{"id":943,"href":"https:\/\/freeact.eu\/index.php?rest_route=\/wp\/v2\/pages\/942\/revisions\/943"}],"wp:attachment":[{"href":"https:\/\/freeact.eu\/index.php?rest_route=%2Fwp%2Fv2%2Fmedia&parent=942"}],"curies":[{"name":"wp","href":"https:\/\/api.w.org\/{rel}","templated":true}]}}