{"id":951,"date":"2019-03-09T15:03:36","date_gmt":"2019-03-09T14:03:36","guid":{"rendered":"http:\/\/freeact.eu\/?page_id=951"},"modified":"2020-03-14T17:20:29","modified_gmt":"2020-03-14T16:20:29","slug":"sensommar-2018","status":"publish","type":"page","link":"https:\/\/freeact.eu\/?page_id=951","title":{"rendered":"Sensommar 2018"},"content":{"rendered":"<p>Sensommarresan g\u00e5r det h\u00e4r \u00e5ret till sydv\u00e4stra Sverige med start p\u00e5 Elmia m\u00e4ssan.<br \/>\n<iframe loading=\"lazy\" width=\"560\" height=\"315\" src=\"https:\/\/www.youtube.com\/embed\/oGbgzs1Ssb0\" frameborder=\"0\" allow=\"accelerometer; autoplay; encrypted-media; gyroscope; picture-in-picture\" allowfullscreen><\/iframe><\/p>\n<p><iframe loading=\"lazy\" width=\"560\" height=\"315\" src=\"https:\/\/www.youtube.com\/embed\/EOetxxRydik\" frameborder=\"0\" allow=\"accelerometer; autoplay; encrypted-media; gyroscope; picture-in-picture\" allowfullscreen><\/iframe><\/p>\n","protected":false},"excerpt":{"rendered":"<p>Sensommarresan g\u00e5r det h\u00e4r \u00e5ret till sydv\u00e4stra Sverige med start p\u00e5 Elmia m\u00e4ssan.<\/p>\n","protected":false},"author":19,"featured_media":0,"parent":76,"menu_order":0,"comment_status":"closed","ping_status":"closed","template":"page-templates\/full-width.php","meta":[],"_links":{"self":[{"href":"https:\/\/freeact.eu\/index.php?rest_route=\/wp\/v2\/pages\/951"}],"collection":[{"href":"https:\/\/freeact.eu\/index.php?rest_route=\/wp\/v2\/pages"}],"about":[{"href":"https:\/\/freeact.eu\/index.php?rest_route=\/wp\/v2\/types\/page"}],"author":[{"embeddable":true,"href":"https:\/\/freeact.eu\/index.php?rest_route=\/wp\/v2\/users\/19"}],"replies":[{"embeddable":true,"href":"https:\/\/freeact.eu\/index.php?rest_route=%2Fwp%2Fv2%2Fcomments&post=951"}],"version-history":[{"count":4,"href":"https:\/\/freeact.eu\/index.php?rest_route=\/wp\/v2\/pages\/951\/revisions"}],"predecessor-version":[{"id":970,"href":"https:\/\/freeact.eu\/index.php?rest_route=\/wp\/v2\/pages\/951\/revisions\/970"}],"up":[{"embeddable":true,"href":"https:\/\/freeact.eu\/index.php?rest_route=\/wp\/v2\/pages\/76"}],"wp:attachment":[{"href":"https:\/\/freeact.eu\/index.php?rest_route=%2Fwp%2Fv2%2Fmedia&parent=951"}],"curies":[{"name":"wp","href":"https:\/\/api.w.org\/{rel}","templated":true}]}}