{"id":995,"date":"2022-10-01T14:13:17","date_gmt":"2022-10-01T13:13:17","guid":{"rendered":"https:\/\/freeact.eu\/?page_id=995"},"modified":"2022-10-01T14:33:56","modified_gmt":"2022-10-01T13:33:56","slug":"dalsland-2019","status":"publish","type":"page","link":"https:\/\/freeact.eu\/?page_id=995","title":{"rendered":"Dalsland 2019"},"content":{"rendered":"<p>P\u00e5 f\u00f6rsommaren 2019 gick f\u00e4rden mot Dalsland.<br \/>\nDel 1: Gick f\u00f6rbi Johansson i Kumla, Alfred Nobel i Bj\u00f6rkborn och slutligen Bengtsfors.<\/p>\n<p><iframe loading=\"lazy\" width=\"560\" height=\"315\" src=\"https:\/\/www.youtube.com\/embed\/xiYWXA_zNaE\" title=\"YouTube video player\" frameborder=\"0\" allow=\"accelerometer; autoplay; clipboard-write; encrypted-media; gyroscope; picture-in-picture\" allowfullscreen><\/iframe><\/p>\n<p>Del 2: Nu blev det kanalresa.<\/p>\n<p><iframe loading=\"lazy\" width=\"560\" height=\"315\" src=\"https:\/\/www.youtube.com\/embed\/4h2xGLUnFqM\" title=\"YouTube video player\" frameborder=\"0\" allow=\"accelerometer; autoplay; clipboard-write; encrypted-media; gyroscope; picture-in-picture\" allowfullscreen><\/iframe><\/p>\n<p>Del 3: Fallens dag, L\u00e4ck\u00f6 slott och Sj\u00f6torp.<\/p>\n<p><iframe loading=\"lazy\" width=\"560\" height=\"315\" src=\"https:\/\/www.youtube.com\/embed\/Lb56QQy1o_M\" title=\"YouTube video player\" frameborder=\"0\" allow=\"accelerometer; autoplay; clipboard-write; encrypted-media; gyroscope; picture-in-picture\" allowfullscreen><\/iframe><\/p>\n","protected":false},"excerpt":{"rendered":"<p>P\u00e5 f\u00f6rsommaren 2019 gick f\u00e4rden mot Dalsland. Del 1: Gick f\u00f6rbi Johansson i Kumla, Alfred Nobel i Bj\u00f6rkborn och slutligen Bengtsfors. Del 2: Nu blev det kanalresa. Del 3: Fallens dag, L\u00e4ck\u00f6 slott och Sj\u00f6torp.<\/p>\n","protected":false},"author":1,"featured_media":0,"parent":0,"menu_order":0,"comment_status":"closed","ping_status":"closed","template":"","meta":[],"_links":{"self":[{"href":"https:\/\/freeact.eu\/index.php?rest_route=\/wp\/v2\/pages\/995"}],"collection":[{"href":"https:\/\/freeact.eu\/index.php?rest_route=\/wp\/v2\/pages"}],"about":[{"href":"https:\/\/freeact.eu\/index.php?rest_route=\/wp\/v2\/types\/page"}],"author":[{"embeddable":true,"href":"https:\/\/freeact.eu\/index.php?rest_route=\/wp\/v2\/users\/1"}],"replies":[{"embeddable":true,"href":"https:\/\/freeact.eu\/index.php?rest_route=%2Fwp%2Fv2%2Fcomments&post=995"}],"version-history":[{"count":3,"href":"https:\/\/freeact.eu\/index.php?rest_route=\/wp\/v2\/pages\/995\/revisions"}],"predecessor-version":[{"id":1008,"href":"https:\/\/freeact.eu\/index.php?rest_route=\/wp\/v2\/pages\/995\/revisions\/1008"}],"wp:attachment":[{"href":"https:\/\/freeact.eu\/index.php?rest_route=%2Fwp%2Fv2%2Fmedia&parent=995"}],"curies":[{"name":"wp","href":"https:\/\/api.w.org\/{rel}","templated":true}]}}