{"id":998,"date":"2022-10-01T14:15:01","date_gmt":"2022-10-01T13:15:01","guid":{"rendered":"https:\/\/freeact.eu\/?page_id=998"},"modified":"2022-10-01T15:22:41","modified_gmt":"2022-10-01T14:22:41","slug":"med-husbilen-2020","status":"publish","type":"page","link":"https:\/\/freeact.eu\/?page_id=998","title":{"rendered":"Med Husbilen 2020"},"content":{"rendered":"<p>Pandemi\u00e5ret 2020 startade med 4 veckor p\u00e5 Kanarie\u00f6arna som vi precis han resa hem ifr\u00e5n innan nedst\u00e4ngningarna spred sig \u00f6ver v\u00e4rlden.<br \/>\nResvalet blev denna sommar p\u00e5 temat &#8221;glesbefolkat&#8221; vad \u00e4r d\u00e5 b\u00e4ttre \u00e4n fj\u00e4llv\u00e4rlden.<br \/>\nDel 1: Starten blev Sj\u00f6v\u00e4sta i H\u00e4lsingland<\/p>\n<p><iframe loading=\"lazy\" width=\"560\" height=\"315\" src=\"https:\/\/www.youtube.com\/embed\/d33vPHOivGE\" title=\"YouTube video player\" frameborder=\"0\" allow=\"accelerometer; autoplay; clipboard-write; encrypted-media; gyroscope; picture-in-picture\" allowfullscreen><\/iframe><\/p>\n<p>Del 2: Avfolkade turistorter och n\u00e5gra vilsna renar<\/p>\n<p><iframe loading=\"lazy\" width=\"560\" height=\"315\" src=\"https:\/\/www.youtube.com\/embed\/5V7vSpmpPQw\" title=\"YouTube video player\" frameborder=\"0\" allow=\"accelerometer; autoplay; clipboard-write; encrypted-media; gyroscope; picture-in-picture\" allowfullscreen><\/iframe><\/p>\n<p>Del 3: Bes\u00f6k p\u00e5 myggrik f\u00e4bod<\/p>\n<p><iframe loading=\"lazy\" width=\"560\" height=\"315\" src=\"https:\/\/www.youtube.com\/embed\/05-rxeGnHp4\" title=\"YouTube video player\" frameborder=\"0\" allow=\"accelerometer; autoplay; clipboard-write; encrypted-media; gyroscope; picture-in-picture\" allowfullscreen><\/iframe><\/p>\n<p>Del 4: Givarfel och bes\u00f6k i \u00c5re och Hand\u00f6l<\/p>\n<p><iframe loading=\"lazy\" width=\"560\" height=\"315\" src=\"https:\/\/www.youtube.com\/embed\/K1j0vNld-S0\" title=\"YouTube video player\" frameborder=\"0\" allow=\"accelerometer; autoplay; clipboard-write; encrypted-media; gyroscope; picture-in-picture\" allowfullscreen><\/iframe><\/p>\n<p>Del 5: T\u00e4nnforsen, Thail\u00e4nskt tempel och Skuleberget<\/p>\n<p><iframe loading=\"lazy\" width=\"560\" height=\"315\" src=\"https:\/\/www.youtube.com\/embed\/bH-4XoRSmmI\" title=\"YouTube video player\" frameborder=\"0\" allow=\"accelerometer; autoplay; clipboard-write; encrypted-media; gyroscope; picture-in-picture\" allowfullscreen><\/iframe><\/p>\n<p>Del 6: Mj\u00e4llom, H\u00f6ga kusten, Gr\u00f6tj\u00e4rn och J\u00e4rvs\u00f6 klack<\/p>\n<p><iframe loading=\"lazy\" width=\"560\" height=\"315\" src=\"https:\/\/www.youtube.com\/embed\/XxKEXh9jdnI\" title=\"YouTube video player\" frameborder=\"0\" allow=\"accelerometer; autoplay; clipboard-write; encrypted-media; gyroscope; picture-in-picture\" allowfullscreen><\/iframe><\/p>\n","protected":false},"excerpt":{"rendered":"<p>Pandemi\u00e5ret 2020 startade med 4 veckor p\u00e5 Kanarie\u00f6arna som vi precis han resa hem ifr\u00e5n innan nedst\u00e4ngningarna spred sig \u00f6ver v\u00e4rlden. Resvalet blev denna sommar p\u00e5 temat &#8221;glesbefolkat&#8221; vad \u00e4r d\u00e5 b\u00e4ttre \u00e4n fj\u00e4llv\u00e4rlden. Del 1: Starten blev Sj\u00f6v\u00e4sta i H\u00e4lsingland Del 2: Avfolkade turistorter och n\u00e5gra vilsna renar Del 3: Bes\u00f6k p\u00e5 myggrik f\u00e4bod &hellip; <a href=\"https:\/\/freeact.eu\/?page_id=998\" class=\"more-link\">Forts\u00e4tt l\u00e4sa <span class=\"screen-reader-text\">Med Husbilen 2020<\/span> <span class=\"meta-nav\">&rarr;<\/span><\/a><\/p>\n","protected":false},"author":1,"featured_media":0,"parent":0,"menu_order":0,"comment_status":"closed","ping_status":"closed","template":"","meta":[],"_links":{"self":[{"href":"https:\/\/freeact.eu\/index.php?rest_route=\/wp\/v2\/pages\/998"}],"collection":[{"href":"https:\/\/freeact.eu\/index.php?rest_route=\/wp\/v2\/pages"}],"about":[{"href":"https:\/\/freeact.eu\/index.php?rest_route=\/wp\/v2\/types\/page"}],"author":[{"embeddable":true,"href":"https:\/\/freeact.eu\/index.php?rest_route=\/wp\/v2\/users\/1"}],"replies":[{"embeddable":true,"href":"https:\/\/freeact.eu\/index.php?rest_route=%2Fwp%2Fv2%2Fcomments&post=998"}],"version-history":[{"count":3,"href":"https:\/\/freeact.eu\/index.php?rest_route=\/wp\/v2\/pages\/998\/revisions"}],"predecessor-version":[{"id":1010,"href":"https:\/\/freeact.eu\/index.php?rest_route=\/wp\/v2\/pages\/998\/revisions\/1010"}],"wp:attachment":[{"href":"https:\/\/freeact.eu\/index.php?rest_route=%2Fwp%2Fv2%2Fmedia&parent=998"}],"curies":[{"name":"wp","href":"https:\/\/api.w.org\/{rel}","templated":true}]}}